{"id":73,"date":"2023-05-19T18:12:33","date_gmt":"2023-05-19T18:12:33","guid":{"rendered":"https:\/\/centralsatpy.com\/?page_id=73"},"modified":"2023-09-14T01:47:52","modified_gmt":"2023-09-14T01:47:52","slug":"nuestra-vision","status":"publish","type":"page","link":"https:\/\/centralsatpy.com\/?page_id=73","title":{"rendered":"Nuestra Vision"},"content":{"rendered":"\n<p>Aspiramos ser la empresa l\u00edder en monitoreo satelital en toda la naci\u00f3n, con alta calidad de servicio e innovaci\u00f3n constante en mejoras continuas de nuestros procesos y compromiso con la sociedad. Transformar la forma de trabajar de la empresa a trav\u00e9s de nuevas tecnolog\u00edas y ser un aliado que responde de manera inmediata y eficaz ante todo tipo de necesidades de nuestros clientes.<\/p>\n\n\n\n<pre class=\"wp-block-preformatted\"><\/pre>\n","protected":false},"excerpt":{"rendered":"<p>Aspiramos ser la empresa l\u00edder en monitoreo satelital en toda la naci\u00f3n, con alta calidad de servicio e innovaci\u00f3n constante en mejoras continuas de nuestros procesos y compromiso con la sociedad. Transformar la forma de trabajar de la empresa a trav\u00e9s de nuevas tecnolog\u00edas y ser un aliado que responde de manera inmediata y eficaz [&hellip;]<\/p>\n","protected":false},"author":1,"featured_media":0,"parent":0,"menu_order":0,"comment_status":"closed","ping_status":"closed","template":"","meta":{"footnotes":""},"class_list":["post-73","page","type-page","status-publish","hentry"],"_links":{"self":[{"href":"https:\/\/centralsatpy.com\/index.php?rest_route=\/wp\/v2\/pages\/73","targetHints":{"allow":["GET"]}}],"collection":[{"href":"https:\/\/centralsatpy.com\/index.php?rest_route=\/wp\/v2\/pages"}],"about":[{"href":"https:\/\/centralsatpy.com\/index.php?rest_route=\/wp\/v2\/types\/page"}],"author":[{"embeddable":true,"href":"https:\/\/centralsatpy.com\/index.php?rest_route=\/wp\/v2\/users\/1"}],"replies":[{"embeddable":true,"href":"https:\/\/centralsatpy.com\/index.php?rest_route=%2Fwp%2Fv2%2Fcomments&post=73"}],"version-history":[{"count":6,"href":"https:\/\/centralsatpy.com\/index.php?rest_route=\/wp\/v2\/pages\/73\/revisions"}],"predecessor-version":[{"id":152,"href":"https:\/\/centralsatpy.com\/index.php?rest_route=\/wp\/v2\/pages\/73\/revisions\/152"}],"wp:attachment":[{"href":"https:\/\/centralsatpy.com\/index.php?rest_route=%2Fwp%2Fv2%2Fmedia&parent=73"}],"curies":[{"name":"wp","href":"https:\/\/api.w.org\/{rel}","templated":true}]}}